{"id":8,"date":"2020-01-13T17:53:01","date_gmt":"2020-01-13T17:53:01","guid":{"rendered":"https:\/\/hs-stromschienen.ch\/?page_id=8"},"modified":"2020-09-02T08:50:55","modified_gmt":"2020-09-02T08:50:55","slug":"unternehmen","status":"publish","type":"page","link":"https:\/\/hs-stromschienen.ch\/?page_id=8","title":{"rendered":"Unternehmen"},"content":{"rendered":"\t\t<div data-elementor-type=\"wp-page\" data-elementor-id=\"8\" class=\"elementor elementor-8\">\n\t\t\t\t\t\t<section class=\"elementor-section elementor-top-section elementor-element elementor-element-30198e3d elementor-section-boxed elementor-section-height-default elementor-section-height-default\" data-id=\"30198e3d\" data-element_type=\"section\" data-e-type=\"section\">\n\t\t\t\t\t\t<div class=\"elementor-container elementor-column-gap-default\">\n\t\t\t\t\t<div class=\"elementor-column elementor-col-100 elementor-top-column elementor-element elementor-element-67eac16\" data-id=\"67eac16\" data-element_type=\"column\" data-e-type=\"column\">\n\t\t\t<div class=\"elementor-widget-wrap elementor-element-populated\">\n\t\t\t\t\t\t<div class=\"elementor-element elementor-element-269db23b elementor-widget elementor-widget-text-editor\" data-id=\"269db23b\" data-element_type=\"widget\" data-e-type=\"widget\" data-widget_type=\"text-editor.default\">\n\t\t\t\t<div class=\"elementor-widget-container\">\n\t\t\t\t\t\t\t\t\t\n<p>Die HS Stromschienen GmbH hat per 01. Januar 2020 die gesch\u00e4ftlichen Aktivit\u00e4ten der EAE Elektrik f\u00fcr die Deutschschweiz und das Tessin \u00fcbernommen.<\/p>\n\n<p>Die gesamte Produktepalette der EAE Elektrik wird neu von der HS Stromschienen GmbH angeboten. Als langj\u00e4hriger Kooperationspartner der EAE Elektrik, bieten wir eine umfassende und kompetente Beratung in s\u00e4mtlichen Bereichen der Stromschienen-Produktepalette an.<\/p>\n\n<p>Mit unserer fundierten Erfahrung in der Entwicklung, Konstruktion und Anwendung sowie im Vertrieb von Stromschienen verf\u00fcgt die HS Stromschienen GmbH \u00fcber ein Know-how, welches den gesamten Markt umfasst.<\/p>\n\t\t\t\t\t\t\t\t<\/div>\n\t\t\t\t<\/div>\n\t\t\t\t<section class=\"elementor-section elementor-inner-section elementor-element elementor-element-08038f2 elementor-section-boxed elementor-section-height-default elementor-section-height-default\" data-id=\"08038f2\" data-element_type=\"section\" data-e-type=\"section\">\n\t\t\t\t\t\t<div class=\"elementor-container elementor-column-gap-default\">\n\t\t\t\t\t<div class=\"elementor-column elementor-col-50 elementor-inner-column elementor-element elementor-element-b93cc88\" data-id=\"b93cc88\" data-element_type=\"column\" data-e-type=\"column\">\n\t\t\t<div class=\"elementor-widget-wrap elementor-element-populated\">\n\t\t\t\t\t\t<div class=\"elementor-element elementor-element-9119559 elementor-widget elementor-widget-image\" data-id=\"9119559\" data-element_type=\"widget\" data-e-type=\"widget\" data-widget_type=\"image.default\">\n\t\t\t\t<div class=\"elementor-widget-container\">\n\t\t\t\t\t\t\t\t\t\t\t\t\t\t\t<img fetchpriority=\"high\" decoding=\"async\" width=\"200\" height=\"300\" src=\"https:\/\/hs-stromschienen.ch\/wp-content\/uploads\/2020\/09\/marcel-200x300.png\" class=\"attachment-medium size-medium wp-image-135\" alt=\"\" srcset=\"https:\/\/hs-stromschienen.ch\/wp-content\/uploads\/2020\/09\/marcel-200x300.png 200w, https:\/\/hs-stromschienen.ch\/wp-content\/uploads\/2020\/09\/marcel-230x345.png 230w, https:\/\/hs-stromschienen.ch\/wp-content\/uploads\/2020\/09\/marcel.png 296w\" sizes=\"(max-width: 200px) 100vw, 200px\" \/>\t\t\t\t\t\t\t\t\t\t\t\t\t\t\t<\/div>\n\t\t\t\t<\/div>\n\t\t\t\t<div class=\"elementor-element elementor-element-0db04be elementor-widget elementor-widget-text-editor\" data-id=\"0db04be\" data-element_type=\"widget\" data-e-type=\"widget\" data-widget_type=\"text-editor.default\">\n\t\t\t\t<div class=\"elementor-widget-container\">\n\t\t\t\t\t\t\t\t\t<p>Marcel Hug\u00a0<br \/>Projektleiter \/ Partner<\/p>\t\t\t\t\t\t\t\t<\/div>\n\t\t\t\t<\/div>\n\t\t\t\t\t<\/div>\n\t\t<\/div>\n\t\t\t\t<div class=\"elementor-column elementor-col-50 elementor-inner-column elementor-element elementor-element-e6bf2aa\" data-id=\"e6bf2aa\" data-element_type=\"column\" data-e-type=\"column\">\n\t\t\t<div class=\"elementor-widget-wrap elementor-element-populated\">\n\t\t\t\t\t\t<div class=\"elementor-element elementor-element-fa8e61e elementor-widget elementor-widget-image\" data-id=\"fa8e61e\" data-element_type=\"widget\" data-e-type=\"widget\" data-widget_type=\"image.default\">\n\t\t\t\t<div class=\"elementor-widget-container\">\n\t\t\t\t\t\t\t\t\t\t\t\t\t\t\t<img decoding=\"async\" width=\"200\" height=\"300\" src=\"https:\/\/hs-stromschienen.ch\/wp-content\/uploads\/2020\/09\/g\u00fcnay-200x300.png\" class=\"attachment-medium size-medium wp-image-136\" alt=\"\" srcset=\"https:\/\/hs-stromschienen.ch\/wp-content\/uploads\/2020\/09\/g\u00fcnay-200x300.png 200w, https:\/\/hs-stromschienen.ch\/wp-content\/uploads\/2020\/09\/g\u00fcnay-230x345.png 230w, https:\/\/hs-stromschienen.ch\/wp-content\/uploads\/2020\/09\/g\u00fcnay.png 297w\" sizes=\"(max-width: 200px) 100vw, 200px\" \/>\t\t\t\t\t\t\t\t\t\t\t\t\t\t\t<\/div>\n\t\t\t\t<\/div>\n\t\t\t\t<div class=\"elementor-element elementor-element-bd62a69 elementor-widget elementor-widget-text-editor\" data-id=\"bd62a69\" data-element_type=\"widget\" data-e-type=\"widget\" data-widget_type=\"text-editor.default\">\n\t\t\t\t<div class=\"elementor-widget-container\">\n\t\t\t\t\t\t\t\t\t<p>G\u00fcnay Seng\u00fcl<br \/>Projektleiter \/ Partner<\/p>\t\t\t\t\t\t\t\t<\/div>\n\t\t\t\t<\/div>\n\t\t\t\t\t<\/div>\n\t\t<\/div>\n\t\t\t\t\t<\/div>\n\t\t<\/section>\n\t\t\t\t\t<\/div>\n\t\t<\/div>\n\t\t\t\t\t<\/div>\n\t\t<\/section>\n\t\t\t\t<\/div>\n\t\t","protected":false},"excerpt":{"rendered":"<p>Die HS Stromschienen GmbH hat per 01. Januar 2020 die gesch\u00e4ftlichen Aktivit\u00e4ten der EAE Elektrik f\u00fcr die Deutschschweiz und das Tessin \u00fcbernommen. [&hellip;]<\/p>\n","protected":false},"author":1,"featured_media":0,"parent":0,"menu_order":0,"comment_status":"closed","ping_status":"closed","template":"","meta":{"footnotes":""},"class_list":["post-8","page","type-page","status-publish","hentry"],"_links":{"self":[{"href":"https:\/\/hs-stromschienen.ch\/index.php?rest_route=\/wp\/v2\/pages\/8","targetHints":{"allow":["GET"]}}],"collection":[{"href":"https:\/\/hs-stromschienen.ch\/index.php?rest_route=\/wp\/v2\/pages"}],"about":[{"href":"https:\/\/hs-stromschienen.ch\/index.php?rest_route=\/wp\/v2\/types\/page"}],"author":[{"embeddable":true,"href":"https:\/\/hs-stromschienen.ch\/index.php?rest_route=\/wp\/v2\/users\/1"}],"replies":[{"embeddable":true,"href":"https:\/\/hs-stromschienen.ch\/index.php?rest_route=%2Fwp%2Fv2%2Fcomments&post=8"}],"version-history":[{"count":5,"href":"https:\/\/hs-stromschienen.ch\/index.php?rest_route=\/wp\/v2\/pages\/8\/revisions"}],"predecessor-version":[{"id":139,"href":"https:\/\/hs-stromschienen.ch\/index.php?rest_route=\/wp\/v2\/pages\/8\/revisions\/139"}],"wp:attachment":[{"href":"https:\/\/hs-stromschienen.ch\/index.php?rest_route=%2Fwp%2Fv2%2Fmedia&parent=8"}],"curies":[{"name":"wp","href":"https:\/\/api.w.org\/{rel}","templated":true}]}}